{"id":68,"date":"2025-09-15T14:29:40","date_gmt":"2025-09-15T14:29:40","guid":{"rendered":"https:\/\/waldorfkindergarten-aalen.de\/?page_id=68"},"modified":"2025-10-17T18:24:22","modified_gmt":"2025-10-17T18:24:22","slug":"impressum","status":"publish","type":"page","link":"https:\/\/waldorfkindergarten-aalen.de\/index.php\/impressum\/","title":{"rendered":"Impressum"},"content":{"rendered":"\t\t<div data-elementor-type=\"wp-page\" data-elementor-id=\"68\" class=\"elementor elementor-68\" data-elementor-post-type=\"page\">\n\t\t\t\t<div class=\"elementor-element elementor-element-3603c83c e-flex e-con-boxed e-con e-parent\" data-id=\"3603c83c\" data-element_type=\"container\" data-settings=\"{&quot;background_background&quot;:&quot;classic&quot;,&quot;shape_divider_bottom&quot;:&quot;waves&quot;}\">\n\t\t\t\t\t<div class=\"e-con-inner\">\n\t\t\t\t<div class=\"elementor-shape elementor-shape-bottom\" aria-hidden=\"true\" data-negative=\"false\">\n\t\t\t<svg xmlns=\"http:\/\/www.w3.org\/2000\/svg\" viewBox=\"0 0 1000 100\" preserveAspectRatio=\"none\">\n\t<path class=\"elementor-shape-fill\" d=\"M421.9,6.5c22.6-2.5,51.5,0.4,75.5,5.3c23.6,4.9,70.9,23.5,100.5,35.7c75.8,32.2,133.7,44.5,192.6,49.7\n\tc23.6,2.1,48.7,3.5,103.4-2.5c54.7-6,106.2-25.6,106.2-25.6V0H0v30.3c0,0,72,32.6,158.4,30.5c39.2-0.7,92.8-6.7,134-22.4\n\tc21.2-8.1,52.2-18.2,79.7-24.2C399.3,7.9,411.6,7.5,421.9,6.5z\"\/>\n<\/svg>\t\t<\/div>\n\t\t\t\t<div class=\"elementor-element elementor-element-1d730564 elementor-widget elementor-widget-heading\" data-id=\"1d730564\" data-element_type=\"widget\" data-widget_type=\"heading.default\">\n\t\t\t\t\t<h1 class=\"elementor-heading-title elementor-size-default\">Impressum<\/h1>\t\t\t\t<\/div>\n\t\t\t\t\t<\/div>\n\t\t\t\t<\/div>\n\t\t<div class=\"elementor-element elementor-element-3cf8db2c e-flex e-con-boxed e-con e-parent\" data-id=\"3cf8db2c\" data-element_type=\"container\">\n\t\t\t\t\t<div class=\"e-con-inner\">\n\t\t<div class=\"elementor-element elementor-element-375c6cb9 e-con-full e-flex e-con e-child\" data-id=\"375c6cb9\" data-element_type=\"container\">\n\t\t<div class=\"elementor-element elementor-element-4088abff e-flex e-con-boxed e-con e-child\" data-id=\"4088abff\" data-element_type=\"container\">\n\t\t\t\t\t<div class=\"e-con-inner\">\n\t\t\t\t<div class=\"elementor-element elementor-element-e8359e elementor-widget elementor-widget-heading\" data-id=\"e8359e\" data-element_type=\"widget\" data-widget_type=\"heading.default\">\n\t\t\t\t\t<div class=\"elementor-heading-title elementor-size-default\">Verantwortlich f\u00fcr den Inhalt dieser Seiten\n<\/div>\t\t\t\t<\/div>\n\t\t\t\t<div class=\"elementor-element elementor-element-1e051fda elementor-widget elementor-widget-text-editor\" data-id=\"1e051fda\" data-element_type=\"widget\" data-widget_type=\"text-editor.default\">\n\t\t\t\t\t\t\t\t\t<p data-start=\"244\" data-end=\"352\"><strong data-start=\"244\" data-end=\"269\">Angaben gem\u00e4\u00df \u00a7 5 TMG<\/strong><br data-start=\"269\" data-end=\"272\" \/>Verein Freier Waldorfkindergarten Aalen e.V.<br data-start=\"316\" data-end=\"319\" \/>Zeppelinstra\u00dfe 67<br data-start=\"336\" data-end=\"339\" \/>73430 Aalen<\/p><p data-start=\"354\" data-end=\"444\">Telefon: 07361 61515<br data-start=\"398\" data-end=\"401\" \/>E-Mail: <a class=\"decorated-link cursor-pointer\" rel=\"noopener\" data-start=\"409\" data-end=\"442\">info@waldorfkindergarten-aalen.de<\/a><\/p><p data-start=\"446\" data-end=\"573\"><strong>Vertretungsberechtigte Personen:<\/strong><br data-start=\"483\" data-end=\"486\" \/>Der Vorstand des Vereins (gesetzlich vertreten durch die jeweiligen Vorstandsmitglieder).<\/p><p data-start=\"575\" data-end=\"706\"><strong data-start=\"575\" data-end=\"595\">Registereintrag:<\/strong><br data-start=\"595\" data-end=\"598\" \/>Eingetragen im Vereinsregister.<br data-start=\"629\" data-end=\"632\" \/>Registergericht: Amtsgericht Ulm<br data-start=\"664\" data-end=\"667\" \/>Registernummer:\u00a0<\/p>\t\t\t\t\t\t\t\t<\/div>\n\t\t\t\t<div class=\"elementor-element elementor-element-d55166f elementor-widget elementor-widget-heading\" data-id=\"d55166f\" data-element_type=\"widget\" data-widget_type=\"heading.default\">\n\t\t\t\t\t<div class=\"elementor-heading-title elementor-size-default\">Gestaltung &amp; Umsetzung<\/div>\t\t\t\t<\/div>\n\t\t\t\t<div class=\"elementor-element elementor-element-bba24de elementor-widget elementor-widget-text-editor\" data-id=\"bba24de\" data-element_type=\"widget\" data-widget_type=\"text-editor.default\">\n\t\t\t\t\t\t\t\t\t<p>DUOH Kreativb\u00fcro GmbH<br \/><span style=\"text-decoration: underline;\"><a href=\"http:\/\/www.duoh.net\">www.duoh.net<\/a><\/span><\/p><p>Erweitert durch: Kamil Szepanski<\/p>\t\t\t\t\t\t\t\t<\/div>\n\t\t\t\t<div class=\"elementor-element elementor-element-42e1614 elementor-widget elementor-widget-heading\" data-id=\"42e1614\" data-element_type=\"widget\" data-widget_type=\"heading.default\">\n\t\t\t\t\t<div class=\"elementor-heading-title elementor-size-default\">Haftungssauschluss<\/div>\t\t\t\t<\/div>\n\t\t\t\t<div class=\"elementor-element elementor-element-360c723 elementor-widget elementor-widget-text-editor\" data-id=\"360c723\" data-element_type=\"widget\" data-widget_type=\"text-editor.default\">\n\t\t\t\t\t\t\t\t\t<p data-start=\"1400\" data-end=\"1599\"><strong data-start=\"1400\" data-end=\"1423\">Haftung f\u00fcr Inhalte<\/strong><br data-start=\"1423\" data-end=\"1426\" \/>Die Inhalte unserer Seiten wurden mit gr\u00f6\u00dfter Sorgfalt erstellt. F\u00fcr die Richtigkeit, Vollst\u00e4ndigkeit und Aktualit\u00e4t der Inhalte k\u00f6nnen wir jedoch keine Gew\u00e4hr \u00fcbernehmen.<\/p><p data-start=\"1601\" data-end=\"1917\"><strong data-start=\"1601\" data-end=\"1622\">Haftung f\u00fcr Links<\/strong><br data-start=\"1622\" data-end=\"1625\" \/>Unser Angebot enth\u00e4lt Links zu externen Websites Dritter, auf deren Inhalte wir keinen Einfluss haben. Deshalb k\u00f6nnen wir f\u00fcr diese fremden Inhalte auch keine Gew\u00e4hr \u00fcbernehmen. F\u00fcr die Inhalte der verlinkten Seiten ist stets der jeweilige Anbieter oder Betreiber der Seiten verantwortlich.<\/p><p data-start=\"1919\" data-end=\"2297\"><strong data-start=\"1919\" data-end=\"1935\">Urheberrecht<\/strong><br data-start=\"1935\" data-end=\"1938\" \/>Die durch den Seitenbetreiber erstellten Inhalte und Werke auf diesen Seiten unterliegen dem deutschen Urheberrecht. Beitr\u00e4ge Dritter sind als solche gekennzeichnet. Die Vervielf\u00e4ltigung, Bearbeitung, Verbreitung und jede Art der Verwertung au\u00dferhalb der Grenzen des Urheberrechts bed\u00fcrfen der schriftlichen Zustimmung des jeweiligen Autors bzw. Erstellers.<\/p>\t\t\t\t\t\t\t\t<\/div>\n\t\t\t\t\t<\/div>\n\t\t\t\t<\/div>\n\t\t\t\t<\/div>\n\t\t\t\t\t<\/div>\n\t\t\t\t<\/div>\n\t\t\t\t<\/div>\n\t\t","protected":false},"excerpt":{"rendered":"<p>Impressum Verantwortlich f\u00fcr den Inhalt dieser Seiten Angaben gem\u00e4\u00df \u00a7 5 TMGVerein Freier Waldorfkindergarten Aalen e.V.Zeppelinstra\u00dfe 6773430 Aalen Telefon: 07361 61515E-Mail: info@waldorfkindergarten-aalen.de Vertretungsberechtigte Personen:Der Vorstand des Vereins (gesetzlich vertreten durch die jeweiligen Vorstandsmitglieder). Registereintrag:Eingetragen im Vereinsregister.Registergericht: Amtsgericht UlmRegisternummer:\u00a0 Gestaltung &amp; Umsetzung DUOH Kreativb\u00fcro GmbHwww.duoh.net Erweitert durch: Kamil Szepanski Haftungssauschluss Haftung f\u00fcr InhalteDie Inhalte unserer Seiten [&hellip;]<\/p>\n","protected":false},"author":1,"featured_media":0,"parent":0,"menu_order":0,"comment_status":"closed","ping_status":"closed","template":"elementor_header_footer","meta":{"footnotes":""},"class_list":["post-68","page","type-page","status-publish","hentry","entry"],"_links":{"self":[{"href":"https:\/\/waldorfkindergarten-aalen.de\/index.php\/wp-json\/wp\/v2\/pages\/68","targetHints":{"allow":["GET"]}}],"collection":[{"href":"https:\/\/waldorfkindergarten-aalen.de\/index.php\/wp-json\/wp\/v2\/pages"}],"about":[{"href":"https:\/\/waldorfkindergarten-aalen.de\/index.php\/wp-json\/wp\/v2\/types\/page"}],"author":[{"embeddable":true,"href":"https:\/\/waldorfkindergarten-aalen.de\/index.php\/wp-json\/wp\/v2\/users\/1"}],"replies":[{"embeddable":true,"href":"https:\/\/waldorfkindergarten-aalen.de\/index.php\/wp-json\/wp\/v2\/comments?post=68"}],"version-history":[{"count":16,"href":"https:\/\/waldorfkindergarten-aalen.de\/index.php\/wp-json\/wp\/v2\/pages\/68\/revisions"}],"predecessor-version":[{"id":1051,"href":"https:\/\/waldorfkindergarten-aalen.de\/index.php\/wp-json\/wp\/v2\/pages\/68\/revisions\/1051"}],"wp:attachment":[{"href":"https:\/\/waldorfkindergarten-aalen.de\/index.php\/wp-json\/wp\/v2\/media?parent=68"}],"curies":[{"name":"wp","href":"https:\/\/api.w.org\/{rel}","templated":true}]}}