{"id":70,"date":"2025-09-15T14:29:51","date_gmt":"2025-09-15T14:29:51","guid":{"rendered":"https:\/\/waldorfkindergarten-aalen.de\/?page_id=70"},"modified":"2025-10-17T18:21:04","modified_gmt":"2025-10-17T18:21:04","slug":"datenschutz","status":"publish","type":"page","link":"https:\/\/waldorfkindergarten-aalen.de\/index.php\/datenschutz\/","title":{"rendered":"Datenschutz"},"content":{"rendered":"\t\t<div data-elementor-type=\"wp-page\" data-elementor-id=\"70\" class=\"elementor elementor-70\" data-elementor-post-type=\"page\">\n\t\t\t\t<div class=\"elementor-element elementor-element-29d49710 e-flex e-con-boxed e-con e-parent\" data-id=\"29d49710\" data-element_type=\"container\" data-settings=\"{&quot;background_background&quot;:&quot;classic&quot;,&quot;shape_divider_bottom&quot;:&quot;waves&quot;}\">\n\t\t\t\t\t<div class=\"e-con-inner\">\n\t\t\t\t<div class=\"elementor-shape elementor-shape-bottom\" aria-hidden=\"true\" data-negative=\"false\">\n\t\t\t<svg xmlns=\"http:\/\/www.w3.org\/2000\/svg\" viewBox=\"0 0 1000 100\" preserveAspectRatio=\"none\">\n\t<path class=\"elementor-shape-fill\" d=\"M421.9,6.5c22.6-2.5,51.5,0.4,75.5,5.3c23.6,4.9,70.9,23.5,100.5,35.7c75.8,32.2,133.7,44.5,192.6,49.7\n\tc23.6,2.1,48.7,3.5,103.4-2.5c54.7-6,106.2-25.6,106.2-25.6V0H0v30.3c0,0,72,32.6,158.4,30.5c39.2-0.7,92.8-6.7,134-22.4\n\tc21.2-8.1,52.2-18.2,79.7-24.2C399.3,7.9,411.6,7.5,421.9,6.5z\"\/>\n<\/svg>\t\t<\/div>\n\t\t\t\t<div class=\"elementor-element elementor-element-12761e03 elementor-widget elementor-widget-heading\" data-id=\"12761e03\" data-element_type=\"widget\" data-widget_type=\"heading.default\">\n\t\t\t\t\t<h1 class=\"elementor-heading-title elementor-size-default\">Datenschutz<\/h1>\t\t\t\t<\/div>\n\t\t\t\t\t<\/div>\n\t\t\t\t<\/div>\n\t\t<div class=\"elementor-element elementor-element-35cd7ffc e-flex e-con-boxed e-con e-parent\" data-id=\"35cd7ffc\" data-element_type=\"container\">\n\t\t\t\t\t<div class=\"e-con-inner\">\n\t\t<div class=\"elementor-element elementor-element-84ca57a e-con-full e-flex e-con e-child\" data-id=\"84ca57a\" data-element_type=\"container\">\n\t\t<div class=\"elementor-element elementor-element-9b23dce e-flex e-con-boxed e-con e-child\" data-id=\"9b23dce\" data-element_type=\"container\">\n\t\t\t\t\t<div class=\"e-con-inner\">\n\t\t\t\t<div class=\"elementor-element elementor-element-413f62af elementor-widget elementor-widget-heading\" data-id=\"413f62af\" data-element_type=\"widget\" data-widget_type=\"heading.default\">\n\t\t\t\t\t<div class=\"elementor-heading-title elementor-size-default\">1. Allgemeine Hinweise\n<\/div>\t\t\t\t<\/div>\n\t\t\t\t<div class=\"elementor-element elementor-element-1394b25f elementor-widget elementor-widget-text-editor\" data-id=\"1394b25f\" data-element_type=\"widget\" data-widget_type=\"text-editor.default\">\n\t\t\t\t\t\t\t\t\t<p>Der Schutz Ihrer pers\u00f6nlichen Daten ist uns ein besonderes Anliegen. Wir behandeln Ihre personenbezogenen Daten vertraulich und entsprechend der gesetzlichen Datenschutzvorschriften sowie dieser Datenschutzerkl\u00e4rung.<\/p><p>Diese Datenschutzerkl\u00e4rung informiert Sie \u00fcber Art, Umfang und Zweck der Erhebung und Verwendung personenbezogener Daten durch den<\/p><p><strong>Waldorfkindergarten Aalen<br \/><\/strong>Zeppelinstra\u00dfe 67<br \/>73430 Aalen<\/p><p>Tel.: 07361 61515<br \/>E-Mail: <a href=\"mailto:info@waldorfkindergarten-aalen.de\" target=\"_blank\" rel=\"noopener\" data-link-card=\"true\">info@waldorfkindergarten-aalen.de<\/a><\/p><p><strong>Tr\u00e4ger: <\/strong>Verein Freier Waldorfkindergarten Aalen e.V. bei der Nutzung dieser Website.<\/p>\t\t\t\t\t\t\t\t<\/div>\n\t\t\t\t<div class=\"elementor-element elementor-element-27d0eec5 elementor-widget elementor-widget-heading\" data-id=\"27d0eec5\" data-element_type=\"widget\" data-widget_type=\"heading.default\">\n\t\t\t\t\t<div class=\"elementor-heading-title elementor-size-default\">2. Erhebung und Speicherung personenbezogener Daten<\/div>\t\t\t\t<\/div>\n\t\t\t\t<div class=\"elementor-element elementor-element-26c6a9b9 elementor-widget elementor-widget-text-editor\" data-id=\"26c6a9b9\" data-element_type=\"widget\" data-widget_type=\"text-editor.default\">\n\t\t\t\t\t\t\t\t\t<p>Beim Besuch unserer Website werden durch den Hosting-Anbieter automatisch Informationen an den Server unserer Website gesendet. Diese Informationen werden tempor\u00e4r in sogenannten Logfiles gespeichert. Dabei handelt es sich um folgende Daten:<\/p><ul><li>IP-Adresse des anfragenden Rechners<\/li><\/ul><ul class=\"ql-rendered-list-container\" data-is-root=\"true\"><li class=\"ql-rendered-bullet-list\" data-block-id=\"block-e775b6ec-80bd-4826-915e-da9cbeab775e\"><p>Datum und Uhrzeit des Zugriffs<\/p><\/li><li class=\"ql-rendered-bullet-list\" data-block-id=\"block-2411fcbb-c31b-40d8-a789-9f8d5b2d6e63\"><p>Name und URL der abgerufenen Datei<\/p><\/li><li class=\"ql-rendered-bullet-list\" data-block-id=\"block-a7d48d47-4437-4a48-808a-dcc397b755c9\"><p>Website, von der aus der Zugriff erfolgt (Referrer-URL)<\/p><\/li><li class=\"ql-rendered-bullet-list\" data-block-id=\"block-4214527e-334d-45ab-b0ef-e7f934e5065c\"><p>Verwendeter Browser und ggf. das Betriebssystem Ihres Rechners<\/p><\/li><li class=\"ql-rendered-bullet-list\" data-block-id=\"block-008389a5-e2ea-4a65-9a5a-3fe9ee20421c\"><p>Name Ihres Access-Providers<\/p><\/li><\/ul><p>Die genannten Daten werden zu folgenden Zwecken verarbeitet:<\/p><ul class=\"ql-rendered-list-container\" data-is-root=\"true\"><li class=\"ql-rendered-bullet-list\" data-block-id=\"block-a93116ef-34ce-45cf-946b-e434f68a1960\"><p>Gew\u00e4hrleistung eines reibungslosen Verbindungsaufbaus der Website<\/p><\/li><li class=\"ql-rendered-bullet-list\" data-block-id=\"block-6ab0f740-de93-45c3-8be9-87e4fc8b47fa\"><p>Gew\u00e4hrleistung einer komfortablen Nutzung unserer Website<\/p><\/li><li class=\"ql-rendered-bullet-list\" data-block-id=\"block-1ea6a01b-949b-437f-849b-b2611c5a5373\"><p>Auswertung der Systemsicherheit und -stabilit\u00e4t<\/p><\/li><li class=\"ql-rendered-bullet-list\" data-block-id=\"block-20a91e8d-62ba-49f5-a9f6-ad943451210a\"><p>zu administrativen Zwecken<\/p><\/li><\/ul><p>Die Rechtsgrundlage f\u00fcr die Datenverarbeitung ist Art. 6 Abs. 1 lit. f DSGVO. Unser berechtigtes Interesse folgt aus den oben aufgelisteten Zwecken zur Datenerhebung. Eine Zusammenf\u00fchrung dieser Daten mit anderen Datenquellen wird nicht vorgenommen.<\/p>\t\t\t\t\t\t\t\t<\/div>\n\t\t\t\t<div class=\"elementor-element elementor-element-1839bf4b elementor-widget elementor-widget-heading\" data-id=\"1839bf4b\" data-element_type=\"widget\" data-widget_type=\"heading.default\">\n\t\t\t\t\t<div class=\"elementor-heading-title elementor-size-default\">3. Kontaktaufnahme per E-Mail oder Telefon<\/div>\t\t\t\t<\/div>\n\t\t\t\t<div class=\"elementor-element elementor-element-3e5b2e4 elementor-widget elementor-widget-text-editor\" data-id=\"3e5b2e4\" data-element_type=\"widget\" data-widget_type=\"text-editor.default\">\n\t\t\t\t\t\t\t\t\t<p>Wenn Sie uns per E-Mail oder telefonisch kontaktieren, werden Ihre Angaben zwecks Bearbeitung der Anfrage sowie f\u00fcr den Fall von Anschlussfragen gespeichert. Diese Daten geben wir nicht ohne Ihre Einwilligung weiter.<\/p><p>Die Verarbeitung der \u00fcbermittelten Daten erfolgt auf Grundlage von Art. 6 Abs. 1 lit. b DSGVO, sofern Ihre Anfrage mit der Erf\u00fcllung eines Vertrags oder der Durchf\u00fchrung vorvertraglicher Ma\u00dfnahmen zusammenh\u00e4ngt. In allen \u00fcbrigen F\u00e4llen beruht die Verarbeitung auf unserem berechtigten Interesse (Art. 6 Abs. 1 lit. f DSGVO) an der effektiven Bearbeitung der an uns gerichteten Anfragen.<\/p>\t\t\t\t\t\t\t\t<\/div>\n\t\t\t\t<div class=\"elementor-element elementor-element-f45fba8 elementor-widget elementor-widget-heading\" data-id=\"f45fba8\" data-element_type=\"widget\" data-widget_type=\"heading.default\">\n\t\t\t\t\t<div class=\"elementor-heading-title elementor-size-default\">4. Cookies<\/div>\t\t\t\t<\/div>\n\t\t\t\t<div class=\"elementor-element elementor-element-2c661f9 elementor-widget elementor-widget-text-editor\" data-id=\"2c661f9\" data-element_type=\"widget\" data-widget_type=\"text-editor.default\">\n\t\t\t\t\t\t\t\t\t<p>Unsere Website verwendet in der Regel keine Cookies. Sollte zuk\u00fcnftig der Einsatz technisch notwendiger Cookies erforderlich sein, informieren wir Sie hier entsprechend.<\/p>\t\t\t\t\t\t\t\t<\/div>\n\t\t\t\t<div class=\"elementor-element elementor-element-8bb69a4 elementor-widget elementor-widget-heading\" data-id=\"8bb69a4\" data-element_type=\"widget\" data-widget_type=\"heading.default\">\n\t\t\t\t\t<div class=\"elementor-heading-title elementor-size-default\">5. Weitergabe von Daten\n<\/div>\t\t\t\t<\/div>\n\t\t\t\t<div class=\"elementor-element elementor-element-69592d1 elementor-widget elementor-widget-text-editor\" data-id=\"69592d1\" data-element_type=\"widget\" data-widget_type=\"text-editor.default\">\n\t\t\t\t\t\t\t\t\t<p>Eine \u00dcbermittlung Ihrer pers\u00f6nlichen Daten an Dritte zu anderen als den im Folgenden aufgef\u00fchrten Zwecken findet nicht statt.<\/p><p>Wir geben Ihre pers\u00f6nlichen Daten nur an Dritte weiter, wenn:<\/p><ul class=\"ql-rendered-list-container\" data-is-root=\"true\"><li class=\"ql-rendered-bullet-list\" data-block-id=\"block-81e17198-de4b-4af9-83ed-6457e441b539\"><p>Sie Ihre ausdr\u00fcckliche Einwilligung dazu erteilt haben (Art. 6 Abs. 1 lit. a DSGVO),<\/p><\/li><li class=\"ql-rendered-bullet-list\" data-block-id=\"block-47ef1459-3c28-462d-bc1a-ca4889614426\"><p>die Verarbeitung zur Erf\u00fcllung eines Vertrags mit Ihnen erforderlich ist (Art. 6 Abs. 1 lit. b DSGVO),<\/p><\/li><li class=\"ql-rendered-bullet-list\" data-block-id=\"block-975dbe8d-50b4-4b35-8282-aa642e6c6b53\"><p>f\u00fcr die Verarbeitung eine rechtliche Verpflichtung besteht (Art. 6 Abs. 1 lit. c DSGVO), oder<\/p><\/li><li class=\"ql-rendered-bullet-list\" data-block-id=\"block-3734d7e5-eed6-4e42-bf7b-7363e8725709\"><p>die Verarbeitung zur Wahrung berechtigter Interessen erforderlich ist (Art. 6 Abs. 1 lit. f DSGVO) und kein Grund zur Annahme besteht, dass Sie ein \u00fcberwiegendes schutzw\u00fcrdiges Interesse an der Nichtweitergabe Ihrer Daten haben.<\/p><\/li><\/ul>\t\t\t\t\t\t\t\t<\/div>\n\t\t\t\t<div class=\"elementor-element elementor-element-13d95f4 elementor-widget elementor-widget-heading\" data-id=\"13d95f4\" data-element_type=\"widget\" data-widget_type=\"heading.default\">\n\t\t\t\t\t<div class=\"elementor-heading-title elementor-size-default\">6. Ihre Rechte als betroffene Person\n<\/div>\t\t\t\t<\/div>\n\t\t\t\t<div class=\"elementor-element elementor-element-20ad252 elementor-widget elementor-widget-text-editor\" data-id=\"20ad252\" data-element_type=\"widget\" data-widget_type=\"text-editor.default\">\n\t\t\t\t\t\t\t\t\t<p>Sie haben das Recht:<\/p><ul class=\"ql-rendered-list-container\" data-is-root=\"true\"><li class=\"ql-rendered-bullet-list\" data-block-id=\"block-7c9f1fc2-2f18-4e7d-98d9-5ae6accdc901\"><p>gem\u00e4\u00df Art. 15 DSGVO Auskunft \u00fcber Ihre von uns verarbeiteten personenbezogenen Daten zu verlangen,<\/p><\/li><li class=\"ql-rendered-bullet-list\" data-block-id=\"block-4d4e5731-be37-4dc9-a681-1c0d6081f06b\"><p>gem\u00e4\u00df Art. 16 DSGVO unverz\u00fcglich die Berichtigung unrichtiger oder Vervollst\u00e4ndigung Ihrer bei uns gespeicherten personenbezogenen Daten zu verlangen,<\/p><\/li><li class=\"ql-rendered-bullet-list\" data-block-id=\"block-cda599ee-0b61-437b-807d-b8ff7b7ecd2d\"><p>gem\u00e4\u00df Art. 17 DSGVO die L\u00f6schung Ihrer bei uns gespeicherten personenbezogenen Daten zu verlangen,<\/p><\/li><li class=\"ql-rendered-bullet-list\" data-block-id=\"block-25d7b48d-f941-460c-94da-08a148ed708e\"><p>gem\u00e4\u00df Art. 18 DSGVO die Einschr\u00e4nkung der Verarbeitung Ihrer personenbezogenen Daten zu verlangen,<\/p><\/li><li class=\"ql-rendered-bullet-list\" data-block-id=\"block-bbb138e6-db69-4cc3-8912-f923d7a0bbc4\"><p>gem\u00e4\u00df Art. 20 DSGVO Ihre personenbezogenen Daten in einem strukturierten, g\u00e4ngigen und maschinenlesebaren Format zu erhalten oder die \u00dcbermittlung an einen anderen Verantwortlichen zu verlangen,<\/p><\/li><li class=\"ql-rendered-bullet-list\" data-block-id=\"block-e3b9d07e-6786-4e55-a504-86b5fda42bc1\"><p>gem\u00e4\u00df Art. 7 Abs. 3 DSGVO Ihre einmal erteilte Einwilligung jederzeit zu widerrufen,<\/p><\/li><li class=\"ql-rendered-bullet-list\" data-block-id=\"block-84d0f144-edab-4356-9d92-343c9d2eeeac\"><p>gem\u00e4\u00df Art. 77 DSGVO sich bei einer Aufsichtsbeh\u00f6rde zu beschweren.<\/p><\/li><\/ul><p>Zust\u00e4ndige Aufsichtsbeh\u00f6rde in Baden-W\u00fcrttemberg:<\/p><p><strong>Der Landesbeauftragte f\u00fcr den Datenschutz und die Informationsfreiheit Baden-W\u00fcrttemberg<\/strong><\/p><p>K\u00f6nigstra\u00dfe 10a, 70173 Stuttgart<\/p>\t\t\t\t\t\t\t\t<\/div>\n\t\t\t\t<div class=\"elementor-element elementor-element-5c68939 elementor-widget elementor-widget-heading\" data-id=\"5c68939\" data-element_type=\"widget\" data-widget_type=\"heading.default\">\n\t\t\t\t\t<div class=\"elementor-heading-title elementor-size-default\">7. Datensicherheit\n<\/div>\t\t\t\t<\/div>\n\t\t\t\t<div class=\"elementor-element elementor-element-c50a30f elementor-widget elementor-widget-text-editor\" data-id=\"c50a30f\" data-element_type=\"widget\" data-widget_type=\"text-editor.default\">\n\t\t\t\t\t\t\t\t\t<p>Wir verwenden innerhalb des Website-Besuchs das verbreitete SSL-Verfahren (Secure Socket Layer) zur Verschl\u00fcsselung. Sie erkennen eine verschl\u00fcsselte Verbindung an der \u201ehttps:\/\/\u201c-Adresszeile in Ihrem Browser.<\/p>\t\t\t\t\t\t\t\t<\/div>\n\t\t\t\t<div class=\"elementor-element elementor-element-f51b81c elementor-widget elementor-widget-heading\" data-id=\"f51b81c\" data-element_type=\"widget\" data-widget_type=\"heading.default\">\n\t\t\t\t\t<div class=\"elementor-heading-title elementor-size-default\">8. Aktualit\u00e4t und \u00c4nderung dieser Datenschutzerkl\u00e4rung<\/div>\t\t\t\t<\/div>\n\t\t\t\t<div class=\"elementor-element elementor-element-57eefa4 elementor-widget elementor-widget-text-editor\" data-id=\"57eefa4\" data-element_type=\"widget\" data-widget_type=\"text-editor.default\">\n\t\t\t\t\t\t\t\t\t<p>Diese Datenschutzerkl\u00e4rung ist aktuell g\u00fcltig und hat den Stand <strong>September 2025<\/strong>.<\/p><p>Durch die Weiterentwicklung unserer Website oder aufgrund ge\u00e4nderter gesetzlicher Vorgaben kann es notwendig werden, diese Datenschutzerkl\u00e4rung zu \u00e4ndern. Die jeweils aktuelle Datenschutzerkl\u00e4rung kann jederzeit auf unserer Website eingesehen werden.<\/p>\t\t\t\t\t\t\t\t<\/div>\n\t\t\t\t\t<\/div>\n\t\t\t\t<\/div>\n\t\t\t\t<\/div>\n\t\t\t\t\t<\/div>\n\t\t\t\t<\/div>\n\t\t\t\t<\/div>\n\t\t","protected":false},"excerpt":{"rendered":"<p>Datenschutz 1. Allgemeine Hinweise Der Schutz Ihrer pers\u00f6nlichen Daten ist uns ein besonderes Anliegen. Wir behandeln Ihre personenbezogenen Daten vertraulich und entsprechend der gesetzlichen Datenschutzvorschriften sowie dieser Datenschutzerkl\u00e4rung. Diese Datenschutzerkl\u00e4rung informiert Sie \u00fcber Art, Umfang und Zweck der Erhebung und Verwendung personenbezogener Daten durch den Waldorfkindergarten AalenZeppelinstra\u00dfe 6773430 Aalen Tel.: 07361 61515E-Mail: info@waldorfkindergarten-aalen.de Tr\u00e4ger: Verein [&hellip;]<\/p>\n","protected":false},"author":1,"featured_media":0,"parent":0,"menu_order":0,"comment_status":"closed","ping_status":"closed","template":"elementor_header_footer","meta":{"footnotes":""},"class_list":["post-70","page","type-page","status-publish","hentry","entry"],"_links":{"self":[{"href":"https:\/\/waldorfkindergarten-aalen.de\/index.php\/wp-json\/wp\/v2\/pages\/70","targetHints":{"allow":["GET"]}}],"collection":[{"href":"https:\/\/waldorfkindergarten-aalen.de\/index.php\/wp-json\/wp\/v2\/pages"}],"about":[{"href":"https:\/\/waldorfkindergarten-aalen.de\/index.php\/wp-json\/wp\/v2\/types\/page"}],"author":[{"embeddable":true,"href":"https:\/\/waldorfkindergarten-aalen.de\/index.php\/wp-json\/wp\/v2\/users\/1"}],"replies":[{"embeddable":true,"href":"https:\/\/waldorfkindergarten-aalen.de\/index.php\/wp-json\/wp\/v2\/comments?post=70"}],"version-history":[{"count":10,"href":"https:\/\/waldorfkindergarten-aalen.de\/index.php\/wp-json\/wp\/v2\/pages\/70\/revisions"}],"predecessor-version":[{"id":1048,"href":"https:\/\/waldorfkindergarten-aalen.de\/index.php\/wp-json\/wp\/v2\/pages\/70\/revisions\/1048"}],"wp:attachment":[{"href":"https:\/\/waldorfkindergarten-aalen.de\/index.php\/wp-json\/wp\/v2\/media?parent=70"}],"curies":[{"name":"wp","href":"https:\/\/api.w.org\/{rel}","templated":true}]}}